{"id":47663,"date":"2016-12-03T13:20:28","date_gmt":"2016-12-03T13:20:28","guid":{"rendered":"https:\/\/megasol.ch\/technologie\/"},"modified":"2025-12-29T09:05:19","modified_gmt":"2025-12-29T09:05:19","slug":"technologie","status":"publish","type":"page","link":"https:\/\/megasol.ch\/it\/technologie\/","title":{"rendered":"Tecnologia"},"content":{"rendered":"<p>[vc_row gap=\"4\" equal_height=\"yes\" background_type=\"\" el_class=\"m-l-r-0\"][vc_column css=\".vc_custom_1521648713820{padding-top: 20px !important;padding-bottom: 20px !important;background-color: #ffffff !important;}\"][vc_custom_heading text=\"Tecnologia all'avanguardia per un'elettricit\u00e0 sostenibile\" font_container=\"tag:h1|text_align:left\" use_theme_fonts=\"yes\" css=\".vc_custom_1523971570428{margin-bottom: 20px !important;}\"][vc_column_text css=\".vc_custom_1617798189689{margin-top: 20px !important;background-color: #ffffff !important;}\"]<\/p>\n<h2>Da oltre 25 anni, consentiamo una produzione redditizia e affidabile di energia solare sostenibile. Si tratta di prodotti che hanno creato nuovi standard.<\/h2>\n<p>[\/vc_column_text][\/vc_column][\/vc_row][vc_row gap=\"4\" equal_height=\"yes\"][vc_column][vc_column_text]        <div class=\"custom_grid_view\">\r\n                            <div class=\"prdct_main_wrp prdct_page_for_grid_customize projects_wrap\">\r\n                    <div class=\"woocommerce columns-3  image-proportions crop-4-3\">\r\n                        <ul class=\"products\" id=\"products\">\r\n                                                    <li class=\"post-47671 product type-product status-publish has-post-thumbnail product_cat-facade product_cat-flat-roof product_cat-oem product_cat-off-grid product_cat-pitched-roof product_cat-steel-construction shipping-taxable product-type-simple\" style=\"display: list-item;\">\r\n                                <a href=\"https:\/\/megasol.ch\/it\/technologie\/gestaltung\/\" class=\"custom_cat_link\" rel=\"bookmark\" title=\"Progettare moduli solari\"><\/a>\r\n                                                                    \t                            <div style=\"background-image:url(https:\/\/megasol.ch\/wp-content\/uploads\/2025\/03\/Solarmodule_gestalten_Megasol-Energie-AG_Zwyssigstrasse.jpg)\" class=\"attachment-shop_catalog size-shop_catalog wp-post-image\" alt=\"Progettare moduli solari\">\r\n    \t                                <div class=\"clear\"><\/div>                 \r\n    \t                                <div class=\"product_title\">\r\n    \t                                    <h3> <a href=\"https:\/\/megasol.ch\/it\/technologie\/gestaltung\/\" rel=\"bookmark\" title=\"Progettare moduli solari\">Progettare moduli solari<\/a> <\/h3>\r\n    \t                                    <div class=\"excerpt_content_wrap\">\r\n    \t                                        I moduli solari completano il loro sviluppo verso il materiale da costruzione liberamente configurabile. Le fasi dall'idea guida al modulo solare.                                    \r\n    \t                                    <\/div>\r\n    \t                                <\/div>\r\n    \t                            <\/div>\r\n                                          \r\n                            <\/li>\r\n                                                        <li class=\"post-47669 product type-product status-publish has-post-thumbnail product_cat-facade product_cat-flat-roof product_cat-oem product_cat-off-grid product_cat-pitched-roof product_cat-steel-construction shipping-taxable product-type-simple\" style=\"display: list-item;\">\r\n                                <a href=\"https:\/\/megasol.ch\/it\/technologie\/glas-glas\/\" class=\"custom_cat_link\" rel=\"bookmark\" title=\"Moduli fotovoltaici vetro-vetro\"><\/a>\r\n                                                                    \t                            <div style=\"background-image:url(https:\/\/megasol.ch\/wp-content\/uploads\/2022\/03\/glas-glas-module_btr.jpg)\" class=\"attachment-shop_catalog size-shop_catalog wp-post-image\" alt=\"Moduli fotovoltaici vetro-vetro\">\r\n    \t                                <div class=\"clear\"><\/div>                 \r\n    \t                                <div class=\"product_title\">\r\n    \t                                    <h3> <a href=\"https:\/\/megasol.ch\/it\/technologie\/glas-glas\/\" rel=\"bookmark\" title=\"Moduli fotovoltaici vetro-vetro\">Moduli fotovoltaici vetro-vetro<\/a> <\/h3>\r\n    \t                                    <div class=\"excerpt_content_wrap\">\r\n    \t                                        Libert\u00e0 nella progettazione, longevit\u00e0 e stabilit\u00e0 contraddistinguono i nostri moduli vetro-vetro.                                    \r\n    \t                                    <\/div>\r\n    \t                                <\/div>\r\n    \t                            <\/div>\r\n                                          \r\n                            <\/li>\r\n                                                        <li class=\"post-47667 product type-product status-publish has-post-thumbnail product_cat-facade product_cat-flat-roof product_cat-oem product_cat-off-grid product_cat-pitched-roof product_cat-steel-construction shipping-taxable product-type-simple\" style=\"display: list-item;\">\r\n                                <a href=\"https:\/\/megasol.ch\/it\/technologie\/hir\/\" class=\"custom_cat_link\" rel=\"bookmark\" title=\"Tecnologia celle HiR\"><\/a>\r\n                                                                    \t                            <div style=\"background-image:url(https:\/\/megasol.ch\/wp-content\/uploads\/2021\/04\/Megasol-HiR-Technologie_ttl.jpg)\" class=\"attachment-shop_catalog size-shop_catalog wp-post-image\" alt=\"Tecnologia celle HiR\">\r\n    \t                                <div class=\"clear\"><\/div>                 \r\n    \t                                <div class=\"product_title\">\r\n    \t                                    <h3> <a href=\"https:\/\/megasol.ch\/it\/technologie\/hir\/\" rel=\"bookmark\" title=\"Tecnologia celle HiR\">Tecnologia celle HiR<\/a> <\/h3>\r\n    \t                                    <div class=\"excerpt_content_wrap\">\r\n    \t                                        Massima efficienza e longevit\u00e0 delle celle grazie allo 0% di PID e LID                                    \r\n    \t                                    <\/div>\r\n    \t                                <\/div>\r\n    \t                            <\/div>\r\n                                          \r\n                            <\/li>\r\n                                                        <li class=\"post-73092 product type-product status-publish has-post-thumbnail product_cat-facade product_cat-flat-roof product_cat-oem product_cat-off-grid product_cat-pitched-roof product_cat-steel-construction shipping-taxable product-type-simple\" style=\"display: list-item;\">\r\n                                <a href=\"https:\/\/megasol.ch\/it\/zrm\/\" class=\"custom_cat_link\" rel=\"bookmark\" title=\"ZRM+\"><\/a>\r\n                                                                    \t                            <div style=\"background-image:url(https:\/\/megasol.ch\/wp-content\/uploads\/2025\/12\/ZRM_Blendvergleich.png)\" class=\"attachment-shop_catalog size-shop_catalog wp-post-image\" alt=\"ZRM+\">\r\n    \t                                <div class=\"clear\"><\/div>                 \r\n    \t                                <div class=\"product_title\">\r\n    \t                                    <h3> <a href=\"https:\/\/megasol.ch\/it\/zrm\/\" rel=\"bookmark\" title=\"ZRM+\">ZRM+<\/a> <\/h3>\r\n    \t                                    <div class=\"excerpt_content_wrap\">\r\n    \t                                        Moduli solari antiabbaglianti grazie alla tecnologia ZRM+                                    \r\n    \t                                    <\/div>\r\n    \t                                <\/div>\r\n    \t                            <\/div>\r\n                                          \r\n                            <\/li>\r\n                                                    <\/ul>\r\n                    <\/div>\r\n                <\/div>\r\n            <!-- \/page -->\r\n            <!-- post -->\r\n                    <\/div>\r\n       [\/vc_column_text][\/vc_column][\/vc_row]<\/p>\n","protected":false},"excerpt":{"rendered":"<p>Da oltre 25 anni lavoriamo alla produzione redditizia e affidabile di energia sostenibile.<\/p>\n","protected":false},"author":1,"featured_media":20810,"parent":0,"menu_order":0,"comment_status":"closed","ping_status":"closed","template":"","meta":{"content-type":"","footnotes":""},"class_list":["post-47663","page","type-page","status-publish","has-post-thumbnail","hentry"],"yoast_head":"<!-- This site is optimized with the Yoast SEO Premium plugin v27.4 (Yoast SEO v27.5) - https:\/\/yoast.com\/product\/yoast-seo-premium-wordpress\/ -->\n<title>Tecnologia - Megasol Energie AG<\/title>\n<meta name=\"robots\" content=\"index, follow, max-snippet:-1, max-image-preview:large, max-video-preview:-1\" \/>\n<link rel=\"canonical\" href=\"https:\/\/megasol.ch\/it\/technologie\/\" \/>\n<meta property=\"og:locale\" content=\"it_IT\" \/>\n<meta property=\"og:type\" content=\"article\" \/>\n<meta property=\"og:title\" content=\"Tecnologia\" \/>\n<meta property=\"og:description\" content=\"Da oltre 25 anni lavoriamo alla produzione redditizia e affidabile di energia sostenibile.\" \/>\n<meta property=\"og:url\" content=\"https:\/\/megasol.ch\/it\/technologie\/\" \/>\n<meta property=\"og:site_name\" content=\"Megasol Energie AG\" \/>\n<meta property=\"article:modified_time\" content=\"2025-12-29T09:05:19+00:00\" \/>\n<meta property=\"og:image\" content=\"https:\/\/megasol.ch\/wp-content\/uploads\/2018\/06\/index.jpg\" \/>\n\t<meta property=\"og:image:width\" content=\"376\" \/>\n\t<meta property=\"og:image:height\" content=\"282\" \/>\n\t<meta property=\"og:image:type\" content=\"image\/jpeg\" \/>\n<meta name=\"twitter:card\" content=\"summary_large_image\" \/>\n<meta name=\"twitter:label1\" content=\"Tempo di lettura stimato\" \/>\n\t<meta name=\"twitter:data1\" content=\"1 minuto\" \/>\n<script type=\"application\/ld+json\" class=\"yoast-schema-graph\">{\"@context\":\"https:\\\/\\\/schema.org\",\"@graph\":[{\"@type\":\"WebPage\",\"@id\":\"https:\\\/\\\/megasol.ch\\\/it\\\/technologie\\\/\",\"url\":\"https:\\\/\\\/megasol.ch\\\/it\\\/technologie\\\/\",\"name\":\"Tecnologia - Megasol Energie AG\",\"isPartOf\":{\"@id\":\"https:\\\/\\\/megasol.ch\\\/#website\"},\"primaryImageOfPage\":{\"@id\":\"https:\\\/\\\/megasol.ch\\\/it\\\/technologie\\\/#primaryimage\"},\"image\":{\"@id\":\"https:\\\/\\\/megasol.ch\\\/it\\\/technologie\\\/#primaryimage\"},\"thumbnailUrl\":\"https:\\\/\\\/megasol.ch\\\/wp-content\\\/uploads\\\/2018\\\/06\\\/index.jpg\",\"datePublished\":\"2016-12-03T13:20:28+00:00\",\"dateModified\":\"2025-12-29T09:05:19+00:00\",\"breadcrumb\":{\"@id\":\"https:\\\/\\\/megasol.ch\\\/it\\\/technologie\\\/#breadcrumb\"},\"inLanguage\":\"it-IT\",\"potentialAction\":[{\"@type\":\"ReadAction\",\"target\":[\"https:\\\/\\\/megasol.ch\\\/it\\\/technologie\\\/\"]}]},{\"@type\":\"ImageObject\",\"inLanguage\":\"it-IT\",\"@id\":\"https:\\\/\\\/megasol.ch\\\/it\\\/technologie\\\/#primaryimage\",\"url\":\"https:\\\/\\\/megasol.ch\\\/wp-content\\\/uploads\\\/2018\\\/06\\\/index.jpg\",\"contentUrl\":\"https:\\\/\\\/megasol.ch\\\/wp-content\\\/uploads\\\/2018\\\/06\\\/index.jpg\",\"width\":376,\"height\":282},{\"@type\":\"BreadcrumbList\",\"@id\":\"https:\\\/\\\/megasol.ch\\\/it\\\/technologie\\\/#breadcrumb\",\"itemListElement\":[{\"@type\":\"ListItem\",\"position\":1,\"name\":\"Home\",\"item\":\"https:\\\/\\\/megasol.ch\\\/it\\\/\"},{\"@type\":\"ListItem\",\"position\":2,\"name\":\"Tecnologia\"}]},{\"@type\":\"WebSite\",\"@id\":\"https:\\\/\\\/megasol.ch\\\/#website\",\"url\":\"https:\\\/\\\/megasol.ch\\\/\",\"name\":\"Megasol Energie AG\",\"description\":\"Der Schweizer Solarhersteller\",\"potentialAction\":[{\"@type\":\"SearchAction\",\"target\":{\"@type\":\"EntryPoint\",\"urlTemplate\":\"https:\\\/\\\/megasol.ch\\\/?s={search_term_string}\"},\"query-input\":{\"@type\":\"PropertyValueSpecification\",\"valueRequired\":true,\"valueName\":\"search_term_string\"}}],\"inLanguage\":\"it-IT\"}]}<\/script>\n<!-- \/ Yoast SEO Premium plugin. -->","yoast_head_json":{"title":"Tecnologia - Megasol Energie AG","robots":{"index":"index","follow":"follow","max-snippet":"max-snippet:-1","max-image-preview":"max-image-preview:large","max-video-preview":"max-video-preview:-1"},"canonical":"https:\/\/megasol.ch\/it\/technologie\/","og_locale":"it_IT","og_type":"article","og_title":"Tecnologia","og_description":"Da oltre 25 anni lavoriamo alla produzione redditizia e affidabile di energia sostenibile.","og_url":"https:\/\/megasol.ch\/it\/technologie\/","og_site_name":"Megasol Energie AG","article_modified_time":"2025-12-29T09:05:19+00:00","og_image":[{"width":376,"height":282,"url":"https:\/\/megasol.ch\/wp-content\/uploads\/2018\/06\/index.jpg","type":"image\/jpeg"}],"twitter_card":"summary_large_image","twitter_misc":{"Tempo di lettura stimato":"1 minuto"},"schema":{"@context":"https:\/\/schema.org","@graph":[{"@type":"WebPage","@id":"https:\/\/megasol.ch\/it\/technologie\/","url":"https:\/\/megasol.ch\/it\/technologie\/","name":"Tecnologia - Megasol Energie AG","isPartOf":{"@id":"https:\/\/megasol.ch\/#website"},"primaryImageOfPage":{"@id":"https:\/\/megasol.ch\/it\/technologie\/#primaryimage"},"image":{"@id":"https:\/\/megasol.ch\/it\/technologie\/#primaryimage"},"thumbnailUrl":"https:\/\/megasol.ch\/wp-content\/uploads\/2018\/06\/index.jpg","datePublished":"2016-12-03T13:20:28+00:00","dateModified":"2025-12-29T09:05:19+00:00","breadcrumb":{"@id":"https:\/\/megasol.ch\/it\/technologie\/#breadcrumb"},"inLanguage":"it-IT","potentialAction":[{"@type":"ReadAction","target":["https:\/\/megasol.ch\/it\/technologie\/"]}]},{"@type":"ImageObject","inLanguage":"it-IT","@id":"https:\/\/megasol.ch\/it\/technologie\/#primaryimage","url":"https:\/\/megasol.ch\/wp-content\/uploads\/2018\/06\/index.jpg","contentUrl":"https:\/\/megasol.ch\/wp-content\/uploads\/2018\/06\/index.jpg","width":376,"height":282},{"@type":"BreadcrumbList","@id":"https:\/\/megasol.ch\/it\/technologie\/#breadcrumb","itemListElement":[{"@type":"ListItem","position":1,"name":"Home","item":"https:\/\/megasol.ch\/it\/"},{"@type":"ListItem","position":2,"name":"Tecnologia"}]},{"@type":"WebSite","@id":"https:\/\/megasol.ch\/#website","url":"https:\/\/megasol.ch\/","name":"Megasol Energie AG","description":"Der Schweizer Solarhersteller","potentialAction":[{"@type":"SearchAction","target":{"@type":"EntryPoint","urlTemplate":"https:\/\/megasol.ch\/?s={search_term_string}"},"query-input":{"@type":"PropertyValueSpecification","valueRequired":true,"valueName":"search_term_string"}}],"inLanguage":"it-IT"}]}},"_links":{"self":[{"href":"https:\/\/megasol.ch\/it\/wp-json\/wp\/v2\/pages\/47663","targetHints":{"allow":["GET"]}}],"collection":[{"href":"https:\/\/megasol.ch\/it\/wp-json\/wp\/v2\/pages"}],"about":[{"href":"https:\/\/megasol.ch\/it\/wp-json\/wp\/v2\/types\/page"}],"author":[{"embeddable":true,"href":"https:\/\/megasol.ch\/it\/wp-json\/wp\/v2\/users\/1"}],"replies":[{"embeddable":true,"href":"https:\/\/megasol.ch\/it\/wp-json\/wp\/v2\/comments?post=47663"}],"version-history":[{"count":10,"href":"https:\/\/megasol.ch\/it\/wp-json\/wp\/v2\/pages\/47663\/revisions"}],"predecessor-version":[{"id":73665,"href":"https:\/\/megasol.ch\/it\/wp-json\/wp\/v2\/pages\/47663\/revisions\/73665"}],"wp:featuredmedia":[{"embeddable":true,"href":"https:\/\/megasol.ch\/it\/wp-json\/wp\/v2\/media\/20810"}],"wp:attachment":[{"href":"https:\/\/megasol.ch\/it\/wp-json\/wp\/v2\/media?parent=47663"}],"curies":[{"name":"wp","href":"https:\/\/api.w.org\/{rel}","templated":true}]}}