{"id":8802,"date":"2016-12-03T13:20:28","date_gmt":"2016-12-03T13:20:28","guid":{"rendered":"https:\/\/megasol.ch\/technologie\/"},"modified":"2025-12-29T09:04:57","modified_gmt":"2025-12-29T09:04:57","slug":"technologie","status":"publish","type":"page","link":"https:\/\/megasol.ch\/fr\/technologie\/","title":{"rendered":"Technologie"},"content":{"rendered":"<p>[vc_row gap=\"4\" equal_height=\"yes\" background_type=\"\" el_class=\"m-l-r-0\"][vc_column css=\".vc_custom_1521648713820{padding-top: 20px !important;padding-bottom: 20px !important;background-color: #ffffff !important;}\"][vc_custom_heading text=\"Une technologie de pointe pour une production d'\u00e9lectricit\u00e9 durable\" font_container=\"tag:h1|text_align:left\" use_theme_fonts=\"yes\" css=\".vc_custom_1523971570428{margin-bottom: 20px !important;}\"][vc_column_text css=\".vc_custom_1617798189689{margin-top: 20px !important;background-color: #ffffff !important;}\"]<\/p>\n<h2>Depuis plus de 25 ans, nos produits d\u00e9finissent de nouveaux standards \u2013 permettant ainsi la production rentable et fiable d'\u00e9nergie solaire renouvelable.<\/h2>\n<p>[\/vc_column_text][\/vc_column][\/vc_row][vc_row gap=\"4\" equal_height=\"yes\"][vc_column][vc_column_text]        <div class=\"custom_grid_view\">\r\n                            <div class=\"prdct_main_wrp prdct_page_for_grid_customize projects_wrap\">\r\n                    <div class=\"woocommerce columns-3  image-proportions crop-4-3\">\r\n                        <ul class=\"products\" id=\"products\">\r\n                                                    <li class=\"post-8787 product type-product status-publish has-post-thumbnail product_cat-facade product_cat-flat-roof product_cat-oem product_cat-off-grid product_cat-pitched-roof product_cat-steel-construction shipping-taxable product-type-simple\" style=\"display: list-item;\">\r\n                                <a href=\"https:\/\/megasol.ch\/fr\/technologie\/creation\/\" class=\"custom_cat_link\" rel=\"bookmark\" title=\"Concevoir des modules solaires\"><\/a>\r\n                                                                    \t                            <div style=\"background-image:url(https:\/\/megasol.ch\/wp-content\/uploads\/2025\/03\/Solarmodule_gestalten_Megasol-Energie-AG_Zwyssigstrasse.jpg)\" class=\"attachment-shop_catalog size-shop_catalog wp-post-image\" alt=\"Concevoir des modules solaires\">\r\n    \t                                <div class=\"clear\"><\/div>                 \r\n    \t                                <div class=\"product_title\">\r\n    \t                                    <h3> <a href=\"https:\/\/megasol.ch\/fr\/technologie\/creation\/\" rel=\"bookmark\" title=\"Concevoir des modules solaires\">Concevoir des modules solaires<\/a> <\/h3>\r\n    \t                                    <div class=\"excerpt_content_wrap\">\r\n    \t                                        Les modules solaires ach\u00e8vent leur \u00e9volution pour devenir un mat\u00e9riau de construction librement configurable. Les \u00e9tapes de l'id\u00e9e directrice au module solaire.                                    \r\n    \t                                    <\/div>\r\n    \t                                <\/div>\r\n    \t                            <\/div>\r\n                                          \r\n                            <\/li>\r\n                                                        <li class=\"post-8806 product type-product status-publish has-post-thumbnail product_cat-facade product_cat-flat-roof product_cat-oem product_cat-off-grid product_cat-pitched-roof product_cat-steel-construction shipping-taxable product-type-simple\" style=\"display: list-item;\">\r\n                                <a href=\"https:\/\/megasol.ch\/fr\/technologie\/bi-verre\/\" class=\"custom_cat_link\" rel=\"bookmark\" title=\"Panneaux solaires bi-verre\"><\/a>\r\n                                                                    \t                            <div style=\"background-image:url(https:\/\/megasol.ch\/wp-content\/uploads\/2019\/03\/aufgebaut_glas-glas.jpg)\" class=\"attachment-shop_catalog size-shop_catalog wp-post-image\" alt=\"Panneaux solaires bi-verre\">\r\n    \t                                <div class=\"clear\"><\/div>                 \r\n    \t                                <div class=\"product_title\">\r\n    \t                                    <h3> <a href=\"https:\/\/megasol.ch\/fr\/technologie\/bi-verre\/\" rel=\"bookmark\" title=\"Panneaux solaires bi-verre\">Panneaux solaires bi-verre<\/a> <\/h3>\r\n    \t                                    <div class=\"excerpt_content_wrap\">\r\n    \t                                        La libert\u00e9 de conception, la durabilit\u00e9 et la stabilit\u00e9 \u00e9lev\u00e9es caract\u00e9risent ce mat\u00e9riau de construction solaire.                                    \r\n    \t                                    <\/div>\r\n    \t                                <\/div>\r\n    \t                            <\/div>\r\n                                          \r\n                            <\/li>\r\n                                                        <li class=\"post-26019 product type-product status-publish has-post-thumbnail product_cat-facade product_cat-flat-roof product_cat-oem product_cat-off-grid product_cat-pitched-roof product_cat-steel-construction shipping-taxable product-type-simple\" style=\"display: list-item;\">\r\n                                <a href=\"https:\/\/megasol.ch\/fr\/technologie\/hir\/\" class=\"custom_cat_link\" rel=\"bookmark\" title=\"Technologie cellulaire HiR\"><\/a>\r\n                                                                    \t                            <div style=\"background-image:url(https:\/\/megasol.ch\/wp-content\/uploads\/2021\/04\/Megasol-HiR-Technologie_ttl.jpg)\" class=\"attachment-shop_catalog size-shop_catalog wp-post-image\" alt=\"Technologie cellulaire HiR\">\r\n    \t                                <div class=\"clear\"><\/div>                 \r\n    \t                                <div class=\"product_title\">\r\n    \t                                    <h3> <a href=\"https:\/\/megasol.ch\/fr\/technologie\/hir\/\" rel=\"bookmark\" title=\"Technologie cellulaire HiR\">Technologie cellulaire HiR<\/a> <\/h3>\r\n    \t                                    <div class=\"excerpt_content_wrap\">\r\n    \t                                        La meilleure efficacit\u00e9 cellulaire et dur\u00e9e de vie gr\u00e2ce \u00e0 0% <br \/>\r\nde PID & LID<br \/>\r\n                                    \r\n    \t                                    <\/div>\r\n    \t                                <\/div>\r\n    \t                            <\/div>\r\n                                          \r\n                            <\/li>\r\n                                                        <li class=\"post-73091 product type-product status-publish has-post-thumbnail product_cat-facade product_cat-flat-roof product_cat-oem product_cat-off-grid product_cat-pitched-roof product_cat-steel-construction shipping-taxable product-type-simple\" style=\"display: list-item;\">\r\n                                <a href=\"https:\/\/megasol.ch\/fr\/zrm\/\" class=\"custom_cat_link\" rel=\"bookmark\" title=\"ZRM+\"><\/a>\r\n                                                                    \t                            <div style=\"background-image:url(https:\/\/megasol.ch\/wp-content\/uploads\/2025\/12\/ZRM_Blendvergleich.png)\" class=\"attachment-shop_catalog size-shop_catalog wp-post-image\" alt=\"ZRM+\">\r\n    \t                                <div class=\"clear\"><\/div>                 \r\n    \t                                <div class=\"product_title\">\r\n    \t                                    <h3> <a href=\"https:\/\/megasol.ch\/fr\/zrm\/\" rel=\"bookmark\" title=\"ZRM+\">ZRM+<\/a> <\/h3>\r\n    \t                                    <div class=\"excerpt_content_wrap\">\r\n    \t                                        Modules solaires anti-\u00e9blouissants gr\u00e2ce \u00e0 la technologie ZRM+                                    \r\n    \t                                    <\/div>\r\n    \t                                <\/div>\r\n    \t                            <\/div>\r\n                                          \r\n                            <\/li>\r\n                                                    <\/ul>\r\n                    <\/div>\r\n                <\/div>\r\n            <!-- \/page -->\r\n            <!-- post -->\r\n                    <\/div>\r\n       [\/vc_column_text][\/vc_column][\/vc_row]<\/p>\n","protected":false},"excerpt":{"rendered":"<p>Depuis plus de 25 ans, nos produits permettent une production rentable et fiable d'\u00e9nergie solaire renouvelable.<\/p>\n","protected":false},"author":1,"featured_media":7856,"parent":0,"menu_order":0,"comment_status":"closed","ping_status":"closed","template":"","meta":{"content-type":"","footnotes":""},"class_list":["post-8802","page","type-page","status-publish","has-post-thumbnail","hentry"],"yoast_head":"<!-- This site is optimized with the Yoast SEO Premium plugin v27.4 (Yoast SEO v27.5) - https:\/\/yoast.com\/product\/yoast-seo-premium-wordpress\/ -->\n<title>Technologie - Megasol Energie AG<\/title>\n<meta name=\"robots\" content=\"index, follow, max-snippet:-1, max-image-preview:large, max-video-preview:-1\" \/>\n<link rel=\"canonical\" href=\"https:\/\/megasol.ch\/fr\/technologie\/\" \/>\n<meta property=\"og:locale\" content=\"fr_FR\" \/>\n<meta property=\"og:type\" content=\"article\" \/>\n<meta property=\"og:title\" content=\"Technologie\" \/>\n<meta property=\"og:description\" content=\"Depuis plus de 25 ans, nos produits permettent une production rentable et fiable d&#039;\u00e9nergie solaire renouvelable.\" \/>\n<meta property=\"og:url\" content=\"https:\/\/megasol.ch\/fr\/technologie\/\" \/>\n<meta property=\"og:site_name\" content=\"Megasol Energie AG\" \/>\n<meta property=\"article:modified_time\" content=\"2025-12-29T09:04:57+00:00\" \/>\n<meta property=\"og:image\" content=\"https:\/\/megasol.ch\/wp-content\/uploads\/2018\/04\/head_technologie_prev.jpg\" \/>\n\t<meta property=\"og:image:width\" content=\"480\" \/>\n\t<meta property=\"og:image:height\" content=\"360\" \/>\n\t<meta property=\"og:image:type\" content=\"image\/jpeg\" \/>\n<meta name=\"twitter:card\" content=\"summary_large_image\" \/>\n<meta name=\"twitter:label1\" content=\"Dur\u00e9e de lecture estim\u00e9e\" \/>\n\t<meta name=\"twitter:data1\" content=\"1 minute\" \/>\n<script type=\"application\/ld+json\" class=\"yoast-schema-graph\">{\"@context\":\"https:\\\/\\\/schema.org\",\"@graph\":[{\"@type\":\"WebPage\",\"@id\":\"https:\\\/\\\/megasol.ch\\\/fr\\\/technologie\\\/\",\"url\":\"https:\\\/\\\/megasol.ch\\\/fr\\\/technologie\\\/\",\"name\":\"Technologie - Megasol Energie AG\",\"isPartOf\":{\"@id\":\"https:\\\/\\\/megasol.ch\\\/#website\"},\"primaryImageOfPage\":{\"@id\":\"https:\\\/\\\/megasol.ch\\\/fr\\\/technologie\\\/#primaryimage\"},\"image\":{\"@id\":\"https:\\\/\\\/megasol.ch\\\/fr\\\/technologie\\\/#primaryimage\"},\"thumbnailUrl\":\"https:\\\/\\\/megasol.ch\\\/wp-content\\\/uploads\\\/2018\\\/04\\\/head_technologie_prev.jpg\",\"datePublished\":\"2016-12-03T13:20:28+00:00\",\"dateModified\":\"2025-12-29T09:04:57+00:00\",\"breadcrumb\":{\"@id\":\"https:\\\/\\\/megasol.ch\\\/fr\\\/technologie\\\/#breadcrumb\"},\"inLanguage\":\"fr-FR\",\"potentialAction\":[{\"@type\":\"ReadAction\",\"target\":[\"https:\\\/\\\/megasol.ch\\\/fr\\\/technologie\\\/\"]}]},{\"@type\":\"ImageObject\",\"inLanguage\":\"fr-FR\",\"@id\":\"https:\\\/\\\/megasol.ch\\\/fr\\\/technologie\\\/#primaryimage\",\"url\":\"https:\\\/\\\/megasol.ch\\\/wp-content\\\/uploads\\\/2018\\\/04\\\/head_technologie_prev.jpg\",\"contentUrl\":\"https:\\\/\\\/megasol.ch\\\/wp-content\\\/uploads\\\/2018\\\/04\\\/head_technologie_prev.jpg\",\"width\":480,\"height\":360},{\"@type\":\"BreadcrumbList\",\"@id\":\"https:\\\/\\\/megasol.ch\\\/fr\\\/technologie\\\/#breadcrumb\",\"itemListElement\":[{\"@type\":\"ListItem\",\"position\":1,\"name\":\"Home\",\"item\":\"https:\\\/\\\/megasol.ch\\\/fr\\\/\"},{\"@type\":\"ListItem\",\"position\":2,\"name\":\"Technologie\"}]},{\"@type\":\"WebSite\",\"@id\":\"https:\\\/\\\/megasol.ch\\\/#website\",\"url\":\"https:\\\/\\\/megasol.ch\\\/\",\"name\":\"Megasol Energie AG\",\"description\":\"Der Schweizer Solarhersteller\",\"potentialAction\":[{\"@type\":\"SearchAction\",\"target\":{\"@type\":\"EntryPoint\",\"urlTemplate\":\"https:\\\/\\\/megasol.ch\\\/?s={search_term_string}\"},\"query-input\":{\"@type\":\"PropertyValueSpecification\",\"valueRequired\":true,\"valueName\":\"search_term_string\"}}],\"inLanguage\":\"fr-FR\"}]}<\/script>\n<!-- \/ Yoast SEO Premium plugin. -->","yoast_head_json":{"title":"Technologie - Megasol Energie AG","robots":{"index":"index","follow":"follow","max-snippet":"max-snippet:-1","max-image-preview":"max-image-preview:large","max-video-preview":"max-video-preview:-1"},"canonical":"https:\/\/megasol.ch\/fr\/technologie\/","og_locale":"fr_FR","og_type":"article","og_title":"Technologie","og_description":"Depuis plus de 25 ans, nos produits permettent une production rentable et fiable d'\u00e9nergie solaire renouvelable.","og_url":"https:\/\/megasol.ch\/fr\/technologie\/","og_site_name":"Megasol Energie AG","article_modified_time":"2025-12-29T09:04:57+00:00","og_image":[{"width":480,"height":360,"url":"https:\/\/megasol.ch\/wp-content\/uploads\/2018\/04\/head_technologie_prev.jpg","type":"image\/jpeg"}],"twitter_card":"summary_large_image","twitter_misc":{"Dur\u00e9e de lecture estim\u00e9e":"1 minute"},"schema":{"@context":"https:\/\/schema.org","@graph":[{"@type":"WebPage","@id":"https:\/\/megasol.ch\/fr\/technologie\/","url":"https:\/\/megasol.ch\/fr\/technologie\/","name":"Technologie - Megasol Energie AG","isPartOf":{"@id":"https:\/\/megasol.ch\/#website"},"primaryImageOfPage":{"@id":"https:\/\/megasol.ch\/fr\/technologie\/#primaryimage"},"image":{"@id":"https:\/\/megasol.ch\/fr\/technologie\/#primaryimage"},"thumbnailUrl":"https:\/\/megasol.ch\/wp-content\/uploads\/2018\/04\/head_technologie_prev.jpg","datePublished":"2016-12-03T13:20:28+00:00","dateModified":"2025-12-29T09:04:57+00:00","breadcrumb":{"@id":"https:\/\/megasol.ch\/fr\/technologie\/#breadcrumb"},"inLanguage":"fr-FR","potentialAction":[{"@type":"ReadAction","target":["https:\/\/megasol.ch\/fr\/technologie\/"]}]},{"@type":"ImageObject","inLanguage":"fr-FR","@id":"https:\/\/megasol.ch\/fr\/technologie\/#primaryimage","url":"https:\/\/megasol.ch\/wp-content\/uploads\/2018\/04\/head_technologie_prev.jpg","contentUrl":"https:\/\/megasol.ch\/wp-content\/uploads\/2018\/04\/head_technologie_prev.jpg","width":480,"height":360},{"@type":"BreadcrumbList","@id":"https:\/\/megasol.ch\/fr\/technologie\/#breadcrumb","itemListElement":[{"@type":"ListItem","position":1,"name":"Home","item":"https:\/\/megasol.ch\/fr\/"},{"@type":"ListItem","position":2,"name":"Technologie"}]},{"@type":"WebSite","@id":"https:\/\/megasol.ch\/#website","url":"https:\/\/megasol.ch\/","name":"Megasol Energie AG","description":"Der Schweizer Solarhersteller","potentialAction":[{"@type":"SearchAction","target":{"@type":"EntryPoint","urlTemplate":"https:\/\/megasol.ch\/?s={search_term_string}"},"query-input":{"@type":"PropertyValueSpecification","valueRequired":true,"valueName":"search_term_string"}}],"inLanguage":"fr-FR"}]}},"_links":{"self":[{"href":"https:\/\/megasol.ch\/fr\/wp-json\/wp\/v2\/pages\/8802","targetHints":{"allow":["GET"]}}],"collection":[{"href":"https:\/\/megasol.ch\/fr\/wp-json\/wp\/v2\/pages"}],"about":[{"href":"https:\/\/megasol.ch\/fr\/wp-json\/wp\/v2\/types\/page"}],"author":[{"embeddable":true,"href":"https:\/\/megasol.ch\/fr\/wp-json\/wp\/v2\/users\/1"}],"replies":[{"embeddable":true,"href":"https:\/\/megasol.ch\/fr\/wp-json\/wp\/v2\/comments?post=8802"}],"version-history":[{"count":5,"href":"https:\/\/megasol.ch\/fr\/wp-json\/wp\/v2\/pages\/8802\/revisions"}],"predecessor-version":[{"id":73664,"href":"https:\/\/megasol.ch\/fr\/wp-json\/wp\/v2\/pages\/8802\/revisions\/73664"}],"wp:featuredmedia":[{"embeddable":true,"href":"https:\/\/megasol.ch\/fr\/wp-json\/wp\/v2\/media\/7856"}],"wp:attachment":[{"href":"https:\/\/megasol.ch\/fr\/wp-json\/wp\/v2\/media?parent=8802"}],"curies":[{"name":"wp","href":"https:\/\/api.w.org\/{rel}","templated":true}]}}