{"id":19737,"date":"2020-06-17T15:34:55","date_gmt":"2020-06-17T15:34:55","guid":{"rendered":"https:\/\/megasol.ch\/toit-en-pente\/"},"modified":"2022-03-22T07:35:28","modified_gmt":"2022-03-22T07:35:28","slug":"toit-en-pente","status":"publish","type":"page","link":"https:\/\/megasol.ch\/fr\/applications\/en-appui-sur-toiture\/toit-en-pente\/","title":{"rendered":"Toit en pente"},"content":{"rendered":"<p>[vc_row gap=\"4\" equal_height=\"yes\" background_type=\"\" el_class=\"m-l-r-0\"][vc_column css=\".vc_custom_1517236154763{padding-top: 20px !important;padding-bottom: 20px !important;background-color: #ffffff !important;}\" el_class=\"m-l-r-0\"][vc_custom_heading text=\"Toit en pente\" font_container=\"tag:h1|text_align:left\" use_theme_fonts=\"yes\"][vc_column_text css=\".vc_custom_1553425754986{margin-top: 20px !important;margin-bottom: 20px !important;}\"]<\/p>\n<h2>Les fixations au toit sophistiqu\u00e9s peuvent \u00eatre combin\u00e9s de<br \/>\nmani\u00e8re optimale avec les composants LOCKUP et LAYUP.<\/h2>\n<p>[\/vc_column_text][\/vc_column][\/vc_row][vc_row gap=\"4\" background_type=\"\" el_class=\"m-l-r-0\"][vc_column css=\".vc_custom_1552576095858{padding-top: 20px !important;padding-bottom: 20px !important;background-color: #ffffff !important;}\"][vc_single_image image=\"13776\" img_size=\"full\" alignment=\"center\" image_hover=\"\"][vc_column_text]<span style=\"font-size: 0.9em;\"><strong>Example :<\/strong> panneau solaire bi-verre, fixation LAYUP, adaptateur pour t\u00f4le<\/span>[\/vc_column_text][\/vc_column][\/vc_row][vc_row gap=\"4\" background_type=\"\" el_class=\"m-l-r-0\"][vc_column width=\"1\/2\" css=\".vc_custom_1552573589507{padding-top: 20px !important;padding-bottom: 20px !important;background-color: #ffffff !important;}\"][vc_column_text]<strong>Large \u00e9ventail d'applications<\/strong><\/p>\n<ul>\n<li>La bonne fixation pour chaque couverture de toiture<\/li>\n<li>Pour diff\u00e9rentes exigences statiques<\/li>\n<\/ul>\n<p>[\/vc_column_text][\/vc_column][vc_column width=\"1\/2\" css=\".vc_custom_1553429151072{padding-top: 20px !important;padding-bottom: 20px !important;background-color: #ffffff !important;}\"][vc_column_text]<strong>Combinaison simple<\/strong><\/p>\n<ul>\n<li>Compatible avec les fixations LOCKUP et LAYUP<\/li>\n<li>Connecteur transversal ou vis<\/li>\n<\/ul>\n<p>[\/vc_column_text][\/vc_column][\/vc_row][vc_row gap=\"4\" background_type=\"\" el_class=\"m-l-r-0\"][vc_column css=\".vc_custom_1553429286031{padding-top: 20px !important;padding-bottom: 20px !important;background-color: #ffffff !important;}\"][vc_row_inner equal_height=\"yes\"][vc_column_inner width=\"1\/4\"][vc_single_image image=\"14233\" img_size=\"full\" image_hover=\"\"][vc_column_text]<span style=\"font-size: 0.9em;\">Tuiles<\/span>[\/vc_column_text][\/vc_column_inner][vc_column_inner width=\"1\/4\"][vc_single_image image=\"14236\" img_size=\"full\" image_hover=\"\"][vc_column_text]<span style=\"font-size: 0.9em;\">T\u00f4le \u00e0 joint debout<\/span>[\/vc_column_text][\/vc_column_inner][vc_column_inner width=\"1\/4\"][vc_single_image image=\"14239\" img_size=\"full\" image_hover=\"\"][vc_column_text]<span style=\"font-size: 0.9em;\">T\u00f4le trap\u00e9zo\u00efdale<\/span>[\/vc_column_text][\/vc_column_inner][vc_column_inner width=\"1\/4\"][vc_single_image image=\"14245\" img_size=\"full\" image_hover=\"\"][vc_column_text]<span style=\"font-size: 0.9em;\">Toit ondul\u00e9<\/span>[\/vc_column_text][\/vc_column_inner][\/vc_row_inner][vc_row_inner equal_height=\"yes\"][vc_column_inner width=\"1\/4\"][vc_single_image image=\"14242\" img_size=\"full\" image_hover=\"\"][vc_column_text]<span style=\"font-size: 0.9em;\">Tuile plate<\/span>[\/vc_column_text][\/vc_column_inner][vc_column_inner width=\"1\/4\"][vc_single_image image=\"14248\" img_size=\"full\" image_hover=\"\"][vc_column_text]<span style=\"font-size: 0.9em;\">Fibrociment<\/span>[\/vc_column_text][\/vc_column_inner][vc_column_inner width=\"1\/4\"][vc_single_image image=\"14255\" img_size=\"full\" image_hover=\"\"][vc_column_text]<span style=\"font-size: 0.9em;\">Prefa<\/span>[\/vc_column_text][\/vc_column_inner][vc_column_inner width=\"1\/4\"][\/vc_column_inner][\/vc_row_inner][\/vc_column][\/vc_row][vc_row gap=\"4\" background_type=\"\"][vc_column css=\".vc_custom_1553429468720{padding-top: 20px !important;padding-bottom: 20px !important;}\"][vc_column_text]<\/p>\n<h4>Fixation des panneaux<\/h4>\n<p>[\/vc_column_text][\/vc_column][\/vc_row][vc_row][vc_column][vc_column_text]        <div class=\"custom_grid_view\">\r\n                            <div class=\"prdct_main_wrp prdct_page_for_grid_customize projects_wrap\">\r\n                    <div class=\"woocommerce columns-2  image-proportions crop-16-9\">\r\n                        <ul class=\"products\" id=\"products\">\r\n                                                    <li class=\"post-12070 product type-product status-publish has-post-thumbnail product_cat-facade product_cat-flat-roof product_cat-oem product_cat-off-grid product_cat-pitched-roof product_cat-steel-construction shipping-taxable product-type-simple\" style=\"display: list-item;\">\r\n                                <a href=\"https:\/\/megasol.ch\/fr\/lockup-roof\/\" class=\"custom_cat_link\" rel=\"bookmark\" title=\"LOCKUP Roof\"><\/a>\r\n                                                                    \t                            <div style=\"background-image:url(https:\/\/megasol.ch\/wp-content\/uploads\/2018\/04\/OptiFix-Roof-1.png)\" class=\"attachment-shop_catalog size-shop_catalog wp-post-image\" alt=\"LOCKUP Roof\">\r\n    \t                                <div class=\"clear\"><\/div>                 \r\n    \t                                <div class=\"product_title\">\r\n    \t                                    <h3> <a href=\"https:\/\/megasol.ch\/fr\/lockup-roof\/\" rel=\"bookmark\" title=\"LOCKUP Roof\">LOCKUP Roof<\/a> <\/h3>\r\n    \t                                    <div class=\"excerpt_content_wrap\">\r\n    \t                                         Fixation au toit en pente pour les panneaux de haute puissance avec cadre                                    \r\n    \t                                    <\/div>\r\n    \t                                <\/div>\r\n    \t                            <\/div>\r\n                                          \r\n                            <\/li>\r\n                                                        <li class=\"post-12068 product type-product status-publish has-post-thumbnail product_cat-facade product_cat-flat-roof product_cat-oem product_cat-off-grid product_cat-pitched-roof product_cat-steel-construction shipping-taxable product-type-simple\" style=\"display: list-item;\">\r\n                                <a href=\"https:\/\/megasol.ch\/fr\/layup-roof\/\" class=\"custom_cat_link\" rel=\"bookmark\" title=\"LAYUP Roof\"><\/a>\r\n                                                                    \t                            <div style=\"background-image:url(https:\/\/megasol.ch\/wp-content\/uploads\/2022\/03\/LAYUP-roof_btr.png)\" class=\"attachment-shop_catalog size-shop_catalog wp-post-image\" alt=\"LAYUP Roof\">\r\n    \t                                <div class=\"clear\"><\/div>                 \r\n    \t                                <div class=\"product_title\">\r\n    \t                                    <h3> <a href=\"https:\/\/megasol.ch\/fr\/layup-roof\/\" rel=\"bookmark\" title=\"LAYUP Roof\">LAYUP Roof<\/a> <\/h3>\r\n    \t                                    <div class=\"excerpt_content_wrap\">\r\n    \t                                         Fixation au toit en pente pour panneaux bi-verre sans cadre                                    \r\n    \t                                    <\/div>\r\n    \t                                <\/div>\r\n    \t                            <\/div>\r\n                                          \r\n                            <\/li>\r\n                                                    <\/ul>\r\n                    <\/div>\r\n                <\/div>\r\n            <!-- \/page -->\r\n            <!-- post -->\r\n                    <\/div>\r\n       [\/vc_column_text][\/vc_column][\/vc_row][vc_row gap=\"4\" background_type=\"\"][vc_column css=\".vc_custom_1553429474806{padding-top: 20px !important;padding-bottom: 20px !important;}\"][vc_column_text]<\/p>\n<h4>Composants<\/h4>\n<p>[\/vc_column_text][\/vc_column][\/vc_row][vc_row][vc_column][vc_column_text][\/vc_column_text][\/vc_column][\/vc_row]<\/p>\n","protected":false},"excerpt":{"rendered":"<p>Des fixations sophistiqu\u00e9s pour les toit en pente<\/p>\n","protected":false},"author":1,"featured_media":39401,"parent":19757,"menu_order":0,"comment_status":"closed","ping_status":"closed","template":"","meta":{"content-type":"","footnotes":""},"class_list":["post-19737","page","type-page","status-publish","has-post-thumbnail","hentry"],"yoast_head":"<!-- This site is optimized with the Yoast SEO Premium plugin v27.4 (Yoast SEO v27.5) - https:\/\/yoast.com\/product\/yoast-seo-premium-wordpress\/ -->\n<title>Toit en pente - Megasol Energie AG<\/title>\n<meta name=\"robots\" content=\"index, follow, max-snippet:-1, max-image-preview:large, max-video-preview:-1\" \/>\n<link rel=\"canonical\" href=\"https:\/\/megasol.ch\/fr\/applications\/en-appui-sur-toiture\/toit-en-pente\/\" \/>\n<meta property=\"og:locale\" content=\"fr_FR\" \/>\n<meta property=\"og:type\" content=\"article\" \/>\n<meta property=\"og:title\" content=\"Toit en pente\" \/>\n<meta property=\"og:description\" content=\"Des fixations sophistiqu\u00e9s pour les toit en pente\" \/>\n<meta property=\"og:url\" content=\"https:\/\/megasol.ch\/fr\/applications\/en-appui-sur-toiture\/toit-en-pente\/\" \/>\n<meta property=\"og:site_name\" content=\"Megasol Energie AG\" \/>\n<meta property=\"article:modified_time\" content=\"2022-03-22T07:35:28+00:00\" \/>\n<meta property=\"og:image\" content=\"https:\/\/megasol.ch\/wp-content\/uploads\/2022\/03\/Aufgebaut_Steildach_btr_.jpg\" \/>\n\t<meta property=\"og:image:width\" content=\"600\" \/>\n\t<meta property=\"og:image:height\" content=\"450\" \/>\n\t<meta property=\"og:image:type\" content=\"image\/jpeg\" \/>\n<meta name=\"twitter:card\" content=\"summary_large_image\" \/>\n<meta name=\"twitter:label1\" content=\"Dur\u00e9e de lecture estim\u00e9e\" \/>\n\t<meta name=\"twitter:data1\" content=\"3 minutes\" \/>\n<script type=\"application\/ld+json\" class=\"yoast-schema-graph\">{\"@context\":\"https:\\\/\\\/schema.org\",\"@graph\":[{\"@type\":\"WebPage\",\"@id\":\"https:\\\/\\\/megasol.ch\\\/fr\\\/applications\\\/en-appui-sur-toiture\\\/toit-en-pente\\\/\",\"url\":\"https:\\\/\\\/megasol.ch\\\/fr\\\/applications\\\/en-appui-sur-toiture\\\/toit-en-pente\\\/\",\"name\":\"Toit en pente - Megasol Energie AG\",\"isPartOf\":{\"@id\":\"https:\\\/\\\/megasol.ch\\\/#website\"},\"primaryImageOfPage\":{\"@id\":\"https:\\\/\\\/megasol.ch\\\/fr\\\/applications\\\/en-appui-sur-toiture\\\/toit-en-pente\\\/#primaryimage\"},\"image\":{\"@id\":\"https:\\\/\\\/megasol.ch\\\/fr\\\/applications\\\/en-appui-sur-toiture\\\/toit-en-pente\\\/#primaryimage\"},\"thumbnailUrl\":\"https:\\\/\\\/megasol.ch\\\/wp-content\\\/uploads\\\/2022\\\/03\\\/Aufgebaut_Steildach_btr_.jpg\",\"datePublished\":\"2020-06-17T15:34:55+00:00\",\"dateModified\":\"2022-03-22T07:35:28+00:00\",\"breadcrumb\":{\"@id\":\"https:\\\/\\\/megasol.ch\\\/fr\\\/applications\\\/en-appui-sur-toiture\\\/toit-en-pente\\\/#breadcrumb\"},\"inLanguage\":\"fr-FR\",\"potentialAction\":[{\"@type\":\"ReadAction\",\"target\":[\"https:\\\/\\\/megasol.ch\\\/fr\\\/applications\\\/en-appui-sur-toiture\\\/toit-en-pente\\\/\"]}]},{\"@type\":\"ImageObject\",\"inLanguage\":\"fr-FR\",\"@id\":\"https:\\\/\\\/megasol.ch\\\/fr\\\/applications\\\/en-appui-sur-toiture\\\/toit-en-pente\\\/#primaryimage\",\"url\":\"https:\\\/\\\/megasol.ch\\\/wp-content\\\/uploads\\\/2022\\\/03\\\/Aufgebaut_Steildach_btr_.jpg\",\"contentUrl\":\"https:\\\/\\\/megasol.ch\\\/wp-content\\\/uploads\\\/2022\\\/03\\\/Aufgebaut_Steildach_btr_.jpg\",\"width\":600,\"height\":450},{\"@type\":\"BreadcrumbList\",\"@id\":\"https:\\\/\\\/megasol.ch\\\/fr\\\/applications\\\/en-appui-sur-toiture\\\/toit-en-pente\\\/#breadcrumb\",\"itemListElement\":[{\"@type\":\"ListItem\",\"position\":1,\"name\":\"Home\",\"item\":\"https:\\\/\\\/megasol.ch\\\/fr\\\/\"},{\"@type\":\"ListItem\",\"position\":2,\"name\":\"Applications\",\"item\":\"https:\\\/\\\/megasol.ch\\\/fr\\\/applications\\\/\"},{\"@type\":\"ListItem\",\"position\":3,\"name\":\"En appui sur toiture\",\"item\":\"https:\\\/\\\/megasol.ch\\\/fr\\\/applications\\\/en-appui-sur-toiture\\\/\"},{\"@type\":\"ListItem\",\"position\":4,\"name\":\"Toit en pente\"}]},{\"@type\":\"WebSite\",\"@id\":\"https:\\\/\\\/megasol.ch\\\/#website\",\"url\":\"https:\\\/\\\/megasol.ch\\\/\",\"name\":\"Megasol Energie AG\",\"description\":\"Der Schweizer Solarhersteller\",\"potentialAction\":[{\"@type\":\"SearchAction\",\"target\":{\"@type\":\"EntryPoint\",\"urlTemplate\":\"https:\\\/\\\/megasol.ch\\\/?s={search_term_string}\"},\"query-input\":{\"@type\":\"PropertyValueSpecification\",\"valueRequired\":true,\"valueName\":\"search_term_string\"}}],\"inLanguage\":\"fr-FR\"}]}<\/script>\n<!-- \/ Yoast SEO Premium plugin. -->","yoast_head_json":{"title":"Toit en pente - Megasol Energie AG","robots":{"index":"index","follow":"follow","max-snippet":"max-snippet:-1","max-image-preview":"max-image-preview:large","max-video-preview":"max-video-preview:-1"},"canonical":"https:\/\/megasol.ch\/fr\/applications\/en-appui-sur-toiture\/toit-en-pente\/","og_locale":"fr_FR","og_type":"article","og_title":"Toit en pente","og_description":"Des fixations sophistiqu\u00e9s pour les toit en pente","og_url":"https:\/\/megasol.ch\/fr\/applications\/en-appui-sur-toiture\/toit-en-pente\/","og_site_name":"Megasol Energie AG","article_modified_time":"2022-03-22T07:35:28+00:00","og_image":[{"width":600,"height":450,"url":"https:\/\/megasol.ch\/wp-content\/uploads\/2022\/03\/Aufgebaut_Steildach_btr_.jpg","type":"image\/jpeg"}],"twitter_card":"summary_large_image","twitter_misc":{"Dur\u00e9e de lecture estim\u00e9e":"3 minutes"},"schema":{"@context":"https:\/\/schema.org","@graph":[{"@type":"WebPage","@id":"https:\/\/megasol.ch\/fr\/applications\/en-appui-sur-toiture\/toit-en-pente\/","url":"https:\/\/megasol.ch\/fr\/applications\/en-appui-sur-toiture\/toit-en-pente\/","name":"Toit en pente - Megasol Energie AG","isPartOf":{"@id":"https:\/\/megasol.ch\/#website"},"primaryImageOfPage":{"@id":"https:\/\/megasol.ch\/fr\/applications\/en-appui-sur-toiture\/toit-en-pente\/#primaryimage"},"image":{"@id":"https:\/\/megasol.ch\/fr\/applications\/en-appui-sur-toiture\/toit-en-pente\/#primaryimage"},"thumbnailUrl":"https:\/\/megasol.ch\/wp-content\/uploads\/2022\/03\/Aufgebaut_Steildach_btr_.jpg","datePublished":"2020-06-17T15:34:55+00:00","dateModified":"2022-03-22T07:35:28+00:00","breadcrumb":{"@id":"https:\/\/megasol.ch\/fr\/applications\/en-appui-sur-toiture\/toit-en-pente\/#breadcrumb"},"inLanguage":"fr-FR","potentialAction":[{"@type":"ReadAction","target":["https:\/\/megasol.ch\/fr\/applications\/en-appui-sur-toiture\/toit-en-pente\/"]}]},{"@type":"ImageObject","inLanguage":"fr-FR","@id":"https:\/\/megasol.ch\/fr\/applications\/en-appui-sur-toiture\/toit-en-pente\/#primaryimage","url":"https:\/\/megasol.ch\/wp-content\/uploads\/2022\/03\/Aufgebaut_Steildach_btr_.jpg","contentUrl":"https:\/\/megasol.ch\/wp-content\/uploads\/2022\/03\/Aufgebaut_Steildach_btr_.jpg","width":600,"height":450},{"@type":"BreadcrumbList","@id":"https:\/\/megasol.ch\/fr\/applications\/en-appui-sur-toiture\/toit-en-pente\/#breadcrumb","itemListElement":[{"@type":"ListItem","position":1,"name":"Home","item":"https:\/\/megasol.ch\/fr\/"},{"@type":"ListItem","position":2,"name":"Applications","item":"https:\/\/megasol.ch\/fr\/applications\/"},{"@type":"ListItem","position":3,"name":"En appui sur toiture","item":"https:\/\/megasol.ch\/fr\/applications\/en-appui-sur-toiture\/"},{"@type":"ListItem","position":4,"name":"Toit en pente"}]},{"@type":"WebSite","@id":"https:\/\/megasol.ch\/#website","url":"https:\/\/megasol.ch\/","name":"Megasol Energie AG","description":"Der Schweizer Solarhersteller","potentialAction":[{"@type":"SearchAction","target":{"@type":"EntryPoint","urlTemplate":"https:\/\/megasol.ch\/?s={search_term_string}"},"query-input":{"@type":"PropertyValueSpecification","valueRequired":true,"valueName":"search_term_string"}}],"inLanguage":"fr-FR"}]}},"_links":{"self":[{"href":"https:\/\/megasol.ch\/fr\/wp-json\/wp\/v2\/pages\/19737","targetHints":{"allow":["GET"]}}],"collection":[{"href":"https:\/\/megasol.ch\/fr\/wp-json\/wp\/v2\/pages"}],"about":[{"href":"https:\/\/megasol.ch\/fr\/wp-json\/wp\/v2\/types\/page"}],"author":[{"embeddable":true,"href":"https:\/\/megasol.ch\/fr\/wp-json\/wp\/v2\/users\/1"}],"replies":[{"embeddable":true,"href":"https:\/\/megasol.ch\/fr\/wp-json\/wp\/v2\/comments?post=19737"}],"version-history":[{"count":4,"href":"https:\/\/megasol.ch\/fr\/wp-json\/wp\/v2\/pages\/19737\/revisions"}],"predecessor-version":[{"id":39496,"href":"https:\/\/megasol.ch\/fr\/wp-json\/wp\/v2\/pages\/19737\/revisions\/39496"}],"up":[{"embeddable":true,"href":"https:\/\/megasol.ch\/fr\/wp-json\/wp\/v2\/pages\/19757"}],"wp:featuredmedia":[{"embeddable":true,"href":"https:\/\/megasol.ch\/fr\/wp-json\/wp\/v2\/media\/39401"}],"wp:attachment":[{"href":"https:\/\/megasol.ch\/fr\/wp-json\/wp\/v2\/media?parent=19737"}],"curies":[{"name":"wp","href":"https:\/\/api.w.org\/{rel}","templated":true}]}}